{"id":1022,"date":"2026-01-07T12:19:24","date_gmt":"2026-01-07T11:19:24","guid":{"rendered":"https:\/\/www.locandacavaleri.com\/?page_id=1022"},"modified":"2026-01-07T12:19:25","modified_gmt":"2026-01-07T11:19:25","slug":"haus-mit-kanalblick","status":"publish","type":"page","link":"https:\/\/www.locandacavaleri.com\/de\/wohnungen\/haus-mit-kanalblick\/","title":{"rendered":"Haus mit Kanalblick"},"content":{"rendered":"<div class=\"wpb-content-wrapper\"><p>[vc_row css_animation=&#8220;&#8220; row_type=&#8220;row&#8220; use_row_as_full_screen_section=&#8220;no&#8220; type=&#8220;full_width&#8220; angled_section=&#8220;no&#8220; text_align=&#8220;left&#8220; background_image_as_pattern=&#8220;without_pattern&#8220; z_index=&#8220;&#8220;][vc_column]\n\t\t\t<!-- START Webcam REVOLUTION SLIDER 6.6.18 --><p class=\"rs-p-wp-fix\"><\/p>\n\t\t\t<rs-module-wrap id=\"rev_slider_4_1_wrapper\" data-source=\"gallery\" style=\"visibility:hidden;background:transparent;padding:0;margin:0px auto;margin-top:0;margin-bottom:0;\">\n\t\t\t\t<rs-module id=\"rev_slider_4_1\" style=\"\" data-version=\"6.6.18\">\n\t\t\t\t\t<rs-slides style=\"overflow: hidden; position: absolute;\">\n\t\t\t\t\t\t<rs-slide style=\"position: absolute;\" data-key=\"rs-25\" data-title=\"Slide\" data-anim=\"adpr:false;\" data-in=\"o:0;\" data-out=\"a:false;\">\n\t\t\t\t\t\t\t<img decoding=\"async\" src=\"\/\/www.locandacavaleri.com\/wp-content\/plugins\/revslider\/public\/assets\/assets\/dummy.png\" alt=\"\" width=\"1024\" height=\"683\" class=\"rev-slidebg tp-rs-img rs-lazyload\" data-lazyload=\"\/\/www.locandacavaleri.com\/new\/wp-content\/uploads\/2025\/11\/355690934_casagialla.jpg\" data-no-retina>\n<!---->\t\t\t\t\t\t<\/rs-slide>\n\t\t\t\t\t<\/rs-slides>\n\t\t\t\t<\/rs-module>\n\t\t\t\t<script>\n\t\t\t\t\tsetREVStartSize({c: 'rev_slider_4_1',rl:[1240,1024,778,480],el:[650,500,350,300],gw:[1240,1024,778,480],gh:[650,500,350,300],type:'standard',justify:'',layout:'fullwidth',mh:\"0\"});if (window.RS_MODULES!==undefined && window.RS_MODULES.modules!==undefined && window.RS_MODULES.modules[\"revslider41\"]!==undefined) {window.RS_MODULES.modules[\"revslider41\"].once = false;window.revapi4 = undefined;if (window.RS_MODULES.checkMinimal!==undefined) window.RS_MODULES.checkMinimal()}\n\t\t\t\t<\/script>\n\t\t\t<\/rs-module-wrap>\n\t\t\t<!-- END REVOLUTION SLIDER -->\n[\/vc_column][\/vc_row][vc_row css_animation=&#8220;&#8220; row_type=&#8220;row&#8220; use_row_as_full_screen_section=&#8220;no&#8220; type=&#8220;grid&#8220; angled_section=&#8220;no&#8220; text_align=&#8220;left&#8220; background_image_as_pattern=&#8220;without_pattern&#8220; padding_top=&#8220;50&#8243; padding_bottom=&#8220;50&#8243; z_index=&#8220;&#8220;][vc_column][vc_column_text]<\/p>\n<h1 style=\"text-align: center;\">Haus mit Kanalblick<\/h1>\n<p>[\/vc_column_text][\/vc_column][\/vc_row][vc_row css_animation=&#8220;&#8220; row_type=&#8220;row&#8220; use_row_as_full_screen_section=&#8220;no&#8220; type=&#8220;grid&#8220; angled_section=&#8220;no&#8220; text_align=&#8220;left&#8220; background_image_as_pattern=&#8220;without_pattern&#8220; padding_bottom=&#8220;40&#8243; z_index=&#8220;&#8220;][vc_column][vc_column_text]<\/p>\n<p style=\"text-align: center;\">Das Haus mit Kanalblick verf\u00fcgt \u00fcber eine Terrasse und befindet sich in Venedig, nur 800 m von der Rialtobr\u00fccke und 1,2 km vom Markusdom entfernt. Dieses Apartment bietet Blick auf die Stadt und den Fluss sowie kostenfreies WLAN.<\/p>\n<p style=\"text-align: center;\">Dieses klimatisierte Apartment verf\u00fcgt \u00fcber 2 Schlafzimmer, ein Wohnzimmer, eine K\u00fcche mit K\u00fcchenutensilien, K\u00fchlschrank und Kaffeemaschine sowie 3 Badezimmer mit Bidet und Dusche. Handt\u00fccher und Bettw\u00e4sche liegen in diesem Apartment f\u00fcr Sie bereit.<\/p>\n<p style=\"text-align: center;\">Zu den bekanntesten Sehensw\u00fcrdigkeiten in der Umgebung dieser Unterkunft z\u00e4hlen die Ca\u2019 d\u2019Oro, der Markusplatz und der Dogenpalast. Der Flughafen Venedig Marco Polo ist 18 km entfernt.<\/p>\n<p>[\/vc_column_text][\/vc_column][\/vc_row][vc_row css_animation=&#8220;&#8220; row_type=&#8220;row&#8220; use_row_as_full_screen_section=&#8220;no&#8220; type=&#8220;full_width&#8220; angled_section=&#8220;no&#8220; text_align=&#8220;left&#8220; background_image_as_pattern=&#8220;without_pattern&#8220; z_index=&#8220;&#8220; padding_top=&#8220;40&#8243; padding_bottom=&#8220;50&#8243;][vc_column][vc_gallery type=&#8220;image_grid&#8220; images=&#8220;850,855,857,863,864&#8243; img_size=&#8220;500&#215;400&#8243; column_number=&#8220;5&#8243; grayscale=&#8220;no&#8220; images_space=&#8220;gallery_with_space&#8220;][\/vc_column][\/vc_row][vc_row css_animation=&#8220;&#8220; row_type=&#8220;row&#8220; use_row_as_full_screen_section=&#8220;no&#8220; type=&#8220;grid&#8220; angled_section=&#8220;no&#8220; text_align=&#8220;left&#8220; background_image_as_pattern=&#8220;without_pattern&#8220; z_index=&#8220;&#8220; padding_top=&#8220;0&#8243; padding_bottom=&#8220;70&#8243;][vc_column][vc_column_text]<\/p>\n<h2 style=\"text-align: left;\">LAGE<\/h2>\n<p style=\"text-align: left;\">4121, Cannaregio, 30121 Venedig, Italien<\/p>\n<p>[\/vc_column_text][vc_empty_space][vc_column_text]<\/p>\n<h2 style=\"text-align: left;\">AUSSTATTUNG<\/h2>\n<ul>\n<li style=\"text-align: left;\">Ganze Unterkunft f\u00fcr Sie allein<\/li>\n<li style=\"text-align: left;\">120 m\u00b2 Fl\u00e4che<\/li>\n<li style=\"text-align: left;\">K\u00fcche<\/li>\n<li style=\"text-align: left;\">Stadtblick<\/li>\n<li style=\"text-align: left;\">Waschmaschine<\/li>\n<li style=\"text-align: left;\">Kostenloses WLAN<\/li>\n<li style=\"text-align: left;\">Terrasse<\/li>\n<li style=\"text-align: left;\">Badewanne<\/li>\n<li style=\"text-align: left;\">Klimaanlage<\/li>\n<li style=\"text-align: left;\">Nichtraucherzimmer<\/li>\n<\/ul>\n<p>[\/vc_column_text][vc_empty_space][vc_column_text]<\/p>\n<h2 style=\"text-align: left;\">Wissenswertes<\/h2>\n<p style=\"text-align: left;\">Die Unterkunft steht nicht f\u00fcr Junggesellenabschiede oder \u00e4hnliche Feiern zur Verf\u00fcgung.<br \/>\nAls Reaktion auf das Coronavirus (COVID-19) hat diese Unterkunft zus\u00e4tzliche Sicherheits- und Hygienema\u00dfnahmen getroffen.<br \/>\nWenn Sie w\u00e4hrend Ihres Aufenthalts Sch\u00e4den an der Unterkunft verursachen, k\u00f6nnen Sie nach dem Check-out gem\u00e4\u00df den Schadensrichtlinien der Unterkunft zur Zahlung von bis zu 500 \u20ac aufgefordert werden.<br \/>\nCIN: IT027042B43OS4GW83<\/p>\n<p>[\/vc_column_text][\/vc_column][\/vc_row][vc_row css_animation=&#8220;&#8220; row_type=&#8220;row&#8220; use_row_as_full_screen_section=&#8220;no&#8220; type=&#8220;full_width&#8220; angled_section=&#8220;no&#8220; text_align=&#8220;left&#8220; background_image_as_pattern=&#8220;without_pattern&#8220; background_image=&#8220;158&#8243; padding_top=&#8220;50&#8243; padding_bottom=&#8220;50&#8243; z_index=&#8220;&#8220;][vc_column][vc_column_text]<\/p>\n<h1 style=\"text-align: center;\">Lage<\/h1>\n<p>[\/vc_column_text][vc_empty_space height=&#8220;20px&#8220;][vc_gmaps link=&#8220;#E-8_JTNDaWZyYW1lJTIwc3JjJTNEJTIyaHR0cHMlM0ElMkYlMkZ3d3cuZ29vZ2xlLmNvbSUyRm1hcHMlMkZlbWJlZCUzRnBiJTNEJTIxMW0xOCUyMTFtMTIlMjExbTMlMjExZDI3OTkuMzUzMTUwOTQ1MDU0NSUyMTJkMTIuMzMzNTM5MDc3MzY1Njc3JTIxM2Q0NS40NDI1MzkyMzQ4ODIyMyUyMTJtMyUyMTFmMCUyMTJmMCUyMTNmMCUyMTNtMiUyMTFpMTAyNCUyMTJpNzY4JTIxNGYxMy4xJTIxM20zJTIxMW0yJTIxMXMweDQ3N2ViMWRkMDM4OTBjZWIlMjUzQTB4OTI5NzEwNDdhNDM1OTBlZCUyMTJzRm9uZGFtZW50YSUyNTIwU2FudCUyNiUyMzM5JTNCQW5kcmVhJTI1MkMlMjUyMDQxMjElMjUyQyUyNTIwMzAxMjElMjUyMFZlbmV6aWElMjUyMFZFJTI1MkMlMjUyMEl0YWxpYSUyMTVlMCUyMTNtMiUyMTFzaXQlMjEyc2NoJTIxNHYxNzY1ODA2MjEzNDE1JTIxNW0yJTIxMXNpdCUyMTJzY2glMjIlMjB3aWR0aCUzRCUyMjYwMCUyMiUyMGhlaWdodCUzRCUyMjQ1MCUyMiUyMHN0eWxlJTNEJTIyYm9yZGVyJTNBMCUzQiUyMiUyMGFsbG93ZnVsbHNjcmVlbiUzRCUyMiUyMiUyMGxvYWRpbmclM0QlMjJsYXp5JTIyJTIwcmVmZXJyZXJwb2xpY3klM0QlMjJuby1yZWZlcnJlci13aGVuLWRvd25ncmFkZSUyMiUzRSUzQyUyRmlmcmFtZSUzRQ==&#8220; size=&#8220;800&#8243;][\/vc_column][\/vc_row]<\/p>\n<\/div>","protected":false},"excerpt":{"rendered":"<p>[vc_row css_animation=&#8220;&#8220; row_type=&#8220;row&#8220; use_row_as_full_screen_section=&#8220;no&#8220; type=&#8220;full_width&#8220; angled_section=&#8220;no&#8220; text_align=&#8220;left&#8220; background_image_as_pattern=&#8220;without_pattern&#8220; z_index=&#8220;&#8220;][vc_column][\/vc_column][\/vc_row][vc_row css_animation=&#8220;&#8220; row_type=&#8220;row&#8220; use_row_as_full_screen_section=&#8220;no&#8220; type=&#8220;grid&#8220; angled_section=&#8220;no&#8220; text_align=&#8220;left&#8220; background_image_as_pattern=&#8220;without_pattern&#8220; padding_top=&#8220;50&#8243; padding_bottom=&#8220;50&#8243; z_index=&#8220;&#8220;][vc_column][vc_column_text] Haus mit Kanalblick [\/vc_column_text][\/vc_column][\/vc_row][vc_row css_animation=&#8220;&#8220; row_type=&#8220;row&#8220; use_row_as_full_screen_section=&#8220;no&#8220; type=&#8220;grid&#8220; angled_section=&#8220;no&#8220; text_align=&#8220;left&#8220; background_image_as_pattern=&#8220;without_pattern&#8220; padding_bottom=&#8220;40&#8243; z_index=&#8220;&#8220;][vc_column][vc_column_text] Das Haus mit Kanalblick verf\u00fcgt \u00fcber eine Terrasse und befindet sich in Venedig,&#8230;<\/p>\n","protected":false},"author":1,"featured_media":0,"parent":1020,"menu_order":0,"comment_status":"closed","ping_status":"closed","template":"full_width.php","meta":{"footnotes":""},"class_list":["post-1022","page","type-page","status-publish","hentry"],"_links":{"self":[{"href":"https:\/\/www.locandacavaleri.com\/de\/wp-json\/wp\/v2\/pages\/1022","targetHints":{"allow":["GET"]}}],"collection":[{"href":"https:\/\/www.locandacavaleri.com\/de\/wp-json\/wp\/v2\/pages"}],"about":[{"href":"https:\/\/www.locandacavaleri.com\/de\/wp-json\/wp\/v2\/types\/page"}],"author":[{"embeddable":true,"href":"https:\/\/www.locandacavaleri.com\/de\/wp-json\/wp\/v2\/users\/1"}],"replies":[{"embeddable":true,"href":"https:\/\/www.locandacavaleri.com\/de\/wp-json\/wp\/v2\/comments?post=1022"}],"version-history":[{"count":1,"href":"https:\/\/www.locandacavaleri.com\/de\/wp-json\/wp\/v2\/pages\/1022\/revisions"}],"predecessor-version":[{"id":1023,"href":"https:\/\/www.locandacavaleri.com\/de\/wp-json\/wp\/v2\/pages\/1022\/revisions\/1023"}],"up":[{"embeddable":true,"href":"https:\/\/www.locandacavaleri.com\/de\/wp-json\/wp\/v2\/pages\/1020"}],"wp:attachment":[{"href":"https:\/\/www.locandacavaleri.com\/de\/wp-json\/wp\/v2\/media?parent=1022"}],"curies":[{"name":"wp","href":"https:\/\/api.w.org\/{rel}","templated":true}]}}