{"id":1024,"date":"2026-01-07T12:20:26","date_gmt":"2026-01-07T11:20:26","guid":{"rendered":"https:\/\/www.locandacavaleri.com\/?page_id=1024"},"modified":"2026-01-13T14:45:28","modified_gmt":"2026-01-13T13:45:28","slug":"dienstleistungen","status":"publish","type":"page","link":"https:\/\/www.locandacavaleri.com\/de\/dienstleistungen\/","title":{"rendered":"Dienstleistungen"},"content":{"rendered":"<div class=\"wpb-content-wrapper\"><p>[vc_row css_animation=&#8220;&#8220; row_type=&#8220;row&#8220; use_row_as_full_screen_section=&#8220;no&#8220; type=&#8220;full_width&#8220; angled_section=&#8220;no&#8220; text_align=&#8220;left&#8220; background_image_as_pattern=&#8220;without_pattern&#8220; z_index=&#8220;&#8220;][vc_column]\n\t\t\t<!-- START Gallery REVOLUTION SLIDER 6.6.18 --><p class=\"rs-p-wp-fix\"><\/p>\n\t\t\t<rs-module-wrap id=\"rev_slider_3_1_wrapper\" data-source=\"gallery\" style=\"visibility:hidden;background:transparent;padding:0;margin:0px auto;margin-top:0;margin-bottom:0;\">\n\t\t\t\t<rs-module id=\"rev_slider_3_1\" style=\"\" data-version=\"6.6.18\">\n\t\t\t\t\t<rs-slides style=\"overflow: hidden; position: absolute;\">\n\t\t\t\t\t\t<rs-slide style=\"position: absolute;\" data-key=\"rs-24\" data-title=\"Slide\" data-anim=\"adpr:false;\" data-in=\"o:0;\" data-out=\"a:false;\">\n\t\t\t\t\t\t\t<img decoding=\"async\" src=\"\/\/www.locandacavaleri.com\/wp-content\/plugins\/revslider\/public\/assets\/assets\/dummy.png\" alt=\"\" title=\"ENR_3812_web\" width=\"2560\" height=\"1705\" class=\"rev-slidebg tp-rs-img rs-lazyload\" data-lazyload=\"\/\/www.locandacavaleri.com\/new\/wp-content\/uploads\/2025\/11\/ENR_3812_web.jpg\" data-no-retina>\n<!---->\t\t\t\t\t\t<\/rs-slide>\n\t\t\t\t\t<\/rs-slides>\n\t\t\t\t<\/rs-module>\n\t\t\t\t<script>\n\t\t\t\t\tsetREVStartSize({c: 'rev_slider_3_1',rl:[1240,1024,778,480],el:[650,500,350,300],gw:[1240,1024,778,480],gh:[650,500,350,300],type:'standard',justify:'',layout:'fullwidth',mh:\"0\"});if (window.RS_MODULES!==undefined && window.RS_MODULES.modules!==undefined && window.RS_MODULES.modules[\"revslider31\"]!==undefined) {window.RS_MODULES.modules[\"revslider31\"].once = false;window.revapi3 = undefined;if (window.RS_MODULES.checkMinimal!==undefined) window.RS_MODULES.checkMinimal()}\n\t\t\t\t<\/script>\n\t\t\t<\/rs-module-wrap>\n\t\t\t<!-- END REVOLUTION SLIDER -->\n[\/vc_column][\/vc_row][vc_row css_animation=&#8220;&#8220; row_type=&#8220;row&#8220; use_row_as_full_screen_section=&#8220;no&#8220; type=&#8220;grid&#8220; angled_section=&#8220;no&#8220; text_align=&#8220;left&#8220; background_image_as_pattern=&#8220;without_pattern&#8220; padding_top=&#8220;50&#8243; padding_bottom=&#8220;50&#8243; z_index=&#8220;&#8220;][vc_column][vc_column_text]<\/p>\n<h1 style=\"text-align: center;\">Dienstleistungen<\/h1>\n<p>[\/vc_column_text][\/vc_column][\/vc_row][vc_row css_animation=&#8220;&#8220; row_type=&#8220;row&#8220; use_row_as_full_screen_section=&#8220;no&#8220; type=&#8220;full_width&#8220; angled_section=&#8220;no&#8220; text_align=&#8220;left&#8220; background_image_as_pattern=&#8220;without_pattern&#8220; side_padding=&#8220;3&#8243; padding_bottom=&#8220;40&#8243; z_index=&#8220;&#8220;][vc_column width=&#8220;1\/2&#8243;][vc_single_image image=&#8220;1065&#8243; img_size=&#8220;600&#215;400&#8243; alignment=&#8220;center&#8220; qode_css_animation=&#8220;&#8220;][\/vc_column][vc_column width=&#8220;1\/2&#8243;][vc_single_image image=&#8220;1058&#8243; img_size=&#8220;600&#215;400&#8243; alignment=&#8220;center&#8220; qode_css_animation=&#8220;&#8220;][\/vc_column][\/vc_row][vc_row css_animation=&#8220;&#8220; row_type=&#8220;row&#8220; use_row_as_full_screen_section=&#8220;no&#8220; type=&#8220;full_width&#8220; angled_section=&#8220;no&#8220; text_align=&#8220;left&#8220; background_image_as_pattern=&#8220;without_pattern&#8220; css=&#8220;.vc_custom_1768311925606{padding-right: 15px !important;padding-bottom: 50px !important;padding-left: 15px !important;}&#8220; z_index=&#8220;&#8220;][vc_column][vc_column_text]<\/p>\n<p style=\"text-align: center;\"><strong>Entdecken Sie die Vorz\u00fcge der Region in unserer Locanda<\/strong><\/p>\n<p style=\"text-align: center;\">In der Locanda Ca\u2019 Valeri m\u00f6chten wir Ihnen nicht nur einen gem\u00fctlichen Aufenthalt bieten, sondern auch ein authentisches Geschmackserlebnis. Deshalb bieten wir Ihnen die erlesenen Schaumweine von Podere San Valentino an, die im Herzen von Conegliano Valdobbiadene, einer Region, die f\u00fcr ihren hochwertigen Weinbau bekannt ist, hergestellt werden.<\/p>\n<p style=\"text-align: center;\">Preise:<br \/>\n\u25cf Eine Flasche: 18 \u20ac<br \/>\n\u25cf Zwei Flaschen: 32 \u20ac<\/p>\n<p style=\"text-align: center;\">Jede Flasche erz\u00e4hlt eine Geschichte von Leidenschaft, Tradition und handwerklicher Sorgfalt. Sie k\u00f6nnen sie direkt hier in der Locanda genie\u00dfen oder kaufen, um eine authentische Erinnerung an unsere Region mit nach Hause zu nehmen.<\/p>\n<p style=\"text-align: center;\">F\u00fcr Informationen oder K\u00e4ufe wenden Sie sich bitte an unsere Mitarbeiter unter +39 3484137347: Wir beraten Sie gerne bei der Auswahl.<\/p>\n<p>[\/vc_column_text][\/vc_column][\/vc_row]<\/p>\n<\/div>","protected":false},"excerpt":{"rendered":"<p>[vc_row css_animation=&#8220;&#8220; row_type=&#8220;row&#8220; use_row_as_full_screen_section=&#8220;no&#8220; type=&#8220;full_width&#8220; angled_section=&#8220;no&#8220; text_align=&#8220;left&#8220; background_image_as_pattern=&#8220;without_pattern&#8220; z_index=&#8220;&#8220;][vc_column][\/vc_column][\/vc_row][vc_row css_animation=&#8220;&#8220; row_type=&#8220;row&#8220; use_row_as_full_screen_section=&#8220;no&#8220; type=&#8220;grid&#8220; angled_section=&#8220;no&#8220; text_align=&#8220;left&#8220; background_image_as_pattern=&#8220;without_pattern&#8220; padding_top=&#8220;50&#8243; padding_bottom=&#8220;50&#8243; z_index=&#8220;&#8220;][vc_column][vc_column_text] Dienstleistungen [\/vc_column_text][\/vc_column][\/vc_row][vc_row css_animation=&#8220;&#8220; row_type=&#8220;row&#8220; use_row_as_full_screen_section=&#8220;no&#8220; type=&#8220;full_width&#8220; angled_section=&#8220;no&#8220; text_align=&#8220;left&#8220; background_image_as_pattern=&#8220;without_pattern&#8220; side_padding=&#8220;3&#8243; padding_bottom=&#8220;40&#8243; z_index=&#8220;&#8220;][vc_column width=&#8220;1\/2&#8243;][vc_single_image image=&#8220;1065&#8243; img_size=&#8220;600&#215;400&#8243; alignment=&#8220;center&#8220; qode_css_animation=&#8220;&#8220;][\/vc_column][vc_column width=&#8220;1\/2&#8243;][vc_single_image image=&#8220;1058&#8243; img_size=&#8220;600&#215;400&#8243; alignment=&#8220;center&#8220; qode_css_animation=&#8220;&#8220;][\/vc_column][\/vc_row][vc_row css_animation=&#8220;&#8220; row_type=&#8220;row&#8220; use_row_as_full_screen_section=&#8220;no&#8220; type=&#8220;full_width&#8220;&#8230;<\/p>\n","protected":false},"author":1,"featured_media":0,"parent":0,"menu_order":0,"comment_status":"closed","ping_status":"closed","template":"full_width.php","meta":{"footnotes":""},"class_list":["post-1024","page","type-page","status-publish","hentry"],"_links":{"self":[{"href":"https:\/\/www.locandacavaleri.com\/de\/wp-json\/wp\/v2\/pages\/1024","targetHints":{"allow":["GET"]}}],"collection":[{"href":"https:\/\/www.locandacavaleri.com\/de\/wp-json\/wp\/v2\/pages"}],"about":[{"href":"https:\/\/www.locandacavaleri.com\/de\/wp-json\/wp\/v2\/types\/page"}],"author":[{"embeddable":true,"href":"https:\/\/www.locandacavaleri.com\/de\/wp-json\/wp\/v2\/users\/1"}],"replies":[{"embeddable":true,"href":"https:\/\/www.locandacavaleri.com\/de\/wp-json\/wp\/v2\/comments?post=1024"}],"version-history":[{"count":3,"href":"https:\/\/www.locandacavaleri.com\/de\/wp-json\/wp\/v2\/pages\/1024\/revisions"}],"predecessor-version":[{"id":1344,"href":"https:\/\/www.locandacavaleri.com\/de\/wp-json\/wp\/v2\/pages\/1024\/revisions\/1344"}],"wp:attachment":[{"href":"https:\/\/www.locandacavaleri.com\/de\/wp-json\/wp\/v2\/media?parent=1024"}],"curies":[{"name":"wp","href":"https:\/\/api.w.org\/{rel}","templated":true}]}}