{"id":1002,"date":"2026-01-07T11:59:24","date_gmt":"2026-01-07T10:59:24","guid":{"rendered":"https:\/\/www.locandacavaleri.com\/?page_id=1002"},"modified":"2026-01-07T12:30:49","modified_gmt":"2026-01-07T11:30:49","slug":"home","status":"publish","type":"page","link":"https:\/\/www.locandacavaleri.com\/es\/","title":{"rendered":"Home"},"content":{"rendered":"<div class=\"wpb-content-wrapper\"><p>[vc_row css_animation=\u00bb\u00bb row_type=\u00bbrow\u00bb use_row_as_full_screen_section=\u00bbno\u00bb type=\u00bbfull_width\u00bb angled_section=\u00bbno\u00bb text_align=\u00bbleft\u00bb background_image_as_pattern=\u00bbwithout_pattern\u00bb z_index=\u00bb\u00bb][vc_column]\n\t\t\t<!-- START Home REVOLUTION SLIDER 6.6.18 --><p class=\"rs-p-wp-fix\"><\/p>\n\t\t\t<rs-module-wrap id=\"rev_slider_1_1_wrapper\" data-source=\"gallery\" style=\"visibility:hidden;background:transparent;padding:0;\">\n\t\t\t\t<rs-module id=\"rev_slider_1_1\" style=\"\" data-version=\"6.6.18\">\n\t\t\t\t\t<rs-slides style=\"overflow: hidden; position: absolute;\">\n\t\t\t\t\t\t<rs-slide style=\"position: absolute;\" data-key=\"rs-11\" data-title=\"Slide\" data-thumb=\"\/\/www.locandacavaleri.com\/new\/wp-content\/uploads\/2025\/11\/ENR_3847_web.jpg\" data-anim=\"adpr:false;\" data-in=\"o:0;\" data-out=\"a:false;\">\n\t\t\t\t\t\t\t<img decoding=\"async\" src=\"\/\/www.locandacavaleri.com\/wp-content\/plugins\/revslider\/public\/assets\/assets\/dummy.png\" alt=\"\" title=\"ENR_3847_web\" width=\"2560\" height=\"1705\" class=\"rev-slidebg tp-rs-img rs-lazyload\" data-lazyload=\"\/\/www.locandacavaleri.com\/new\/wp-content\/uploads\/2025\/11\/ENR_3847_web.jpg\" data-no-retina>\n<!---->\t\t\t\t\t\t<\/rs-slide>\n\t\t\t\t\t\t<rs-slide style=\"position: absolute;\" data-key=\"rs-12\" data-title=\"Slide\" data-thumb=\"\/\/www.locandacavaleri.com\/new\/wp-content\/uploads\/2025\/11\/ENR_3812_web.jpg\" data-anim=\"adpr:false;\" data-in=\"o:0;\" data-out=\"a:false;\">\n\t\t\t\t\t\t\t<img decoding=\"async\" src=\"\/\/www.locandacavaleri.com\/wp-content\/plugins\/revslider\/public\/assets\/assets\/dummy.png\" alt=\"\" title=\"ENR_3812_web\" width=\"2560\" height=\"1705\" class=\"rev-slidebg tp-rs-img rs-lazyload\" data-lazyload=\"\/\/www.locandacavaleri.com\/new\/wp-content\/uploads\/2025\/11\/ENR_3812_web.jpg\" data-no-retina>\n<!---->\t\t\t\t\t\t<\/rs-slide>\n\t\t\t\t\t\t<rs-slide style=\"position: absolute;\" data-key=\"rs-2\" data-title=\"Slide\" data-thumb=\"\/\/www.locandacavaleri.com\/new\/wp-content\/uploads\/2025\/11\/ENR_4005_web.jpg\" data-anim=\"adpr:false;\" data-in=\"o:0;\" data-out=\"a:false;\">\n\t\t\t\t\t\t\t<img decoding=\"async\" src=\"\/\/www.locandacavaleri.com\/wp-content\/plugins\/revslider\/public\/assets\/assets\/dummy.png\" alt=\"\" title=\"ENR_4005_web\" width=\"2560\" height=\"1705\" class=\"rev-slidebg tp-rs-img rs-lazyload\" data-lazyload=\"\/\/www.locandacavaleri.com\/new\/wp-content\/uploads\/2025\/11\/ENR_4005_web.jpg\" data-no-retina>\n<!---->\t\t\t\t\t\t<\/rs-slide>\n\t\t\t\t\t\t<rs-slide style=\"position: absolute;\" data-key=\"rs-10\" data-title=\"Slide\" data-thumb=\"\/\/www.locandacavaleri.com\/new\/wp-content\/uploads\/2025\/11\/ENR_4025_web.jpg\" data-anim=\"adpr:false;\" data-in=\"o:0;\" data-out=\"a:false;\">\n\t\t\t\t\t\t\t<img decoding=\"async\" src=\"\/\/www.locandacavaleri.com\/wp-content\/plugins\/revslider\/public\/assets\/assets\/dummy.png\" alt=\"\" title=\"ENR_4025_web\" width=\"2560\" height=\"1705\" class=\"rev-slidebg tp-rs-img rs-lazyload\" data-lazyload=\"\/\/www.locandacavaleri.com\/new\/wp-content\/uploads\/2025\/11\/ENR_4025_web.jpg\" data-no-retina>\n<!---->\t\t\t\t\t\t<\/rs-slide>\n\t\t\t\t\t\t<rs-slide style=\"position: absolute;\" data-key=\"rs-4\" data-title=\"Slide\" data-thumb=\"\/\/www.locandacavaleri.com\/new\/wp-content\/uploads\/2025\/11\/Copia-di-ENR_4041_web.jpg\" data-anim=\"adpr:false;\" data-in=\"o:0;\" data-out=\"a:false;\">\n\t\t\t\t\t\t\t<img decoding=\"async\" src=\"\/\/www.locandacavaleri.com\/wp-content\/plugins\/revslider\/public\/assets\/assets\/dummy.png\" alt=\"\" title=\"Copia di ENR_4041_web\" width=\"2560\" height=\"1705\" class=\"rev-slidebg tp-rs-img rs-lazyload\" data-lazyload=\"\/\/www.locandacavaleri.com\/new\/wp-content\/uploads\/2025\/11\/Copia-di-ENR_4041_web.jpg\" data-no-retina>\n<!---->\t\t\t\t\t\t<\/rs-slide>\n\t\t\t\t\t<\/rs-slides>\n\t\t\t\t<\/rs-module>\n\t\t\t\t<script>\n\t\t\t\t\tsetREVStartSize({c: 'rev_slider_1_1',rl:[1240,1024,778,480],el:[800,500,350,300],gw:[1240,1024,778,480],gh:[800,500,350,300],type:'standard',justify:'',layout:'fullscreen',offsetContainer:'',offset:'',mh:\"0\"});if (window.RS_MODULES!==undefined && window.RS_MODULES.modules!==undefined && window.RS_MODULES.modules[\"revslider11\"]!==undefined) {window.RS_MODULES.modules[\"revslider11\"].once = false;window.revapi1 = undefined;if (window.RS_MODULES.checkMinimal!==undefined) window.RS_MODULES.checkMinimal()}\n\t\t\t\t<\/script>\n\t\t\t<\/rs-module-wrap>\n\t\t\t<!-- END REVOLUTION SLIDER -->\n[\/vc_column][\/vc_row][vc_row css_animation=\u00bb\u00bb row_type=\u00bbrow\u00bb use_row_as_full_screen_section=\u00bbno\u00bb type=\u00bbfull_width\u00bb angled_section=\u00bbno\u00bb text_align=\u00bbleft\u00bb background_image_as_pattern=\u00bbwithout_pattern\u00bb padding_top=\u00bb40&#8243; z_index=\u00bb\u00bb][vc_column][qode_elements_holder number_of_columns=\u00bbtwo_columns\u00bb][qode_elements_holder_item vertical_alignment=\u00bbmiddle\u00bb advanced_animations=\u00bbno\u00bb item_padding=\u00bb40px 60px 40px 60px\u00bb][vc_column_text]<\/p>\n<h2>Benvenuti alla Locanda Ca&#8217; Valeri<\/h2>\n<p>[\/vc_column_text][vc_empty_space height=\u00bb20px\u00bb][vc_column_text]En el laberinto de callejuelas y placitas de la Venecia m\u00e1s aut\u00e9ntica, a 5 minutos de la maravillosa Riva degli Schiavoni, de la Piazza San Marco y del Palazzo Ducale, Ca&#8217; Valeri le da la bienvenida como una residencia de lujo o un hotel boutique en los espacios \u00edntimos de una antigua vivienda privada donde el encanto y el confort refinado definen un ambiente de clase.[\/vc_column_text][vc_empty_space height=\u00bb20px\u00bb]\n\n\t<a href=\"https:\/\/www.locandacavaleri.com\/es\/habitaciones\" target=\"_self\" style=\"color: #ffffff;background-color: #004034;font-size: 16px;font-weight: 400;text-transform: uppercase;letter-spacing: 1px\" class=\"qode-btn qode-btn-medium qode-btn-solid qode-btn-custom-hover-bg qode-btn-custom-hover-color qode-btn-with-shadow qode-btn-shadow-hover\" data-hover-bg-color=\"#004034\" data-hover-color=\"#ffffff\" >\n\t    <span class=\"qode-btn-text\">Habitaciones<\/span>\t<\/a>\n\n[\/qode_elements_holder_item][qode_elements_holder_item vertical_alignment=\u00bbmiddle\u00bb advanced_animations=\u00bbno\u00bb][vc_single_image image=\u00bb768&#8243; img_size=\u00bb950&#215;650&#8243; qode_css_animation=\u00bb\u00bb][\/qode_elements_holder_item][\/qode_elements_holder][\/vc_column][\/vc_row][vc_row css_animation=\u00bb\u00bb row_type=\u00bbrow\u00bb use_row_as_full_screen_section=\u00bbno\u00bb type=\u00bbfull_width\u00bb angled_section=\u00bbno\u00bb text_align=\u00bbleft\u00bb background_image_as_pattern=\u00bbwithout_pattern\u00bb padding_bottom=\u00bb40&#8243; z_index=\u00bb\u00bb][vc_column][qode_elements_holder number_of_columns=\u00bbtwo_columns\u00bb][qode_elements_holder_item vertical_alignment=\u00bbmiddle\u00bb advanced_animations=\u00bbno\u00bb][vc_single_image image=\u00bb835&#8243; img_size=\u00bb950&#215;650&#8243; qode_css_animation=\u00bb\u00bb][\/qode_elements_holder_item][qode_elements_holder_item vertical_alignment=\u00bbmiddle\u00bb advanced_animations=\u00bbno\u00bb item_padding=\u00bb40px 60px 40px 60px\u00bb][vc_column_text]<\/p>\n<h2>La Locanda<\/h2>\n<p>[\/vc_column_text][vc_empty_space height=\u00bb20px\u00bb][vc_column_text]\u00bbEl edificio que alberga el bed &amp; breakfast Ca&#8217; Valeri conserva hoy en d\u00eda la antigua elegancia de los palacios venecianos gracias a su reciente restauraci\u00f3n, que no solo ha sabido mantener intacta su esencia, sino tambi\u00e9n realzar su historia, personalidad y arquitectura. Sus interiores, iluminados por preciosas ventanas g\u00f3ticas, se caracterizan por un ambiente \u00edntimo y acogedor, donde, gracias a la atenci\u00f3n al detalle, cada objeto ha sido elegido con un gusto refinado: los t\u00edpicos cristales de Murano, los elegantes espejos, los muebles cl\u00e1sicos de l\u00edneas suaves que diferencian cada ambiente como en un hotel boutique.<br \/>\nCa&#8217; Valeri es el lugar perfecto para quienes desean pasar unas vacaciones rom\u00e1nticas, una luna de miel, un aniversario o una ocasi\u00f3n especial en un aut\u00e9ntico bed and breakfast de lujo.<br \/>\nAlojarse en Ca&#8217; Valeri ser\u00e1 realmente como estar hospedado en una exclusiva residencia privada.\u00bb[\/vc_column_text][vc_empty_space height=\u00bb20px\u00bb]\n\n\t<a href=\"https:\/\/www.locandacavaleri.com\/es\/contactos\" target=\"_self\" style=\"color: #ffffff;background-color: #004034;font-size: 16px;font-weight: 400;text-transform: uppercase;letter-spacing: 1px\" class=\"qode-btn qode-btn-medium qode-btn-solid qode-btn-custom-hover-bg qode-btn-custom-hover-color qode-btn-with-shadow qode-btn-shadow-hover\" data-hover-bg-color=\"#004034\" data-hover-color=\"#ffffff\" >\n\t    <span class=\"qode-btn-text\">Contactos<\/span>\t<\/a>\n\n[\/qode_elements_holder_item][\/qode_elements_holder][\/vc_column][\/vc_row]<\/p>\n<\/div>","protected":false},"excerpt":{"rendered":"<p>[vc_row css_animation=\u00bb\u00bb row_type=\u00bbrow\u00bb use_row_as_full_screen_section=\u00bbno\u00bb type=\u00bbfull_width\u00bb angled_section=\u00bbno\u00bb text_align=\u00bbleft\u00bb background_image_as_pattern=\u00bbwithout_pattern\u00bb z_index=\u00bb\u00bb][vc_column][\/vc_column][\/vc_row][vc_row css_animation=\u00bb\u00bb row_type=\u00bbrow\u00bb use_row_as_full_screen_section=\u00bbno\u00bb type=\u00bbfull_width\u00bb angled_section=\u00bbno\u00bb text_align=\u00bbleft\u00bb background_image_as_pattern=\u00bbwithout_pattern\u00bb padding_top=\u00bb40&#8243; z_index=\u00bb\u00bb][vc_column][qode_elements_holder number_of_columns=\u00bbtwo_columns\u00bb][qode_elements_holder_item vertical_alignment=\u00bbmiddle\u00bb advanced_animations=\u00bbno\u00bb item_padding=\u00bb40px 60px 40px 60px\u00bb][vc_column_text] Benvenuti alla Locanda Ca&#8217; Valeri [\/vc_column_text][vc_empty_space height=\u00bb20px\u00bb][vc_column_text]En el laberinto de callejuelas y placitas de la Venecia m\u00e1s aut\u00e9ntica, a 5&#8230;<\/p>\n","protected":false},"author":1,"featured_media":0,"parent":0,"menu_order":0,"comment_status":"closed","ping_status":"closed","template":"full_width.php","meta":{"footnotes":""},"class_list":["post-1002","page","type-page","status-publish","hentry"],"_links":{"self":[{"href":"https:\/\/www.locandacavaleri.com\/es\/wp-json\/wp\/v2\/pages\/1002","targetHints":{"allow":["GET"]}}],"collection":[{"href":"https:\/\/www.locandacavaleri.com\/es\/wp-json\/wp\/v2\/pages"}],"about":[{"href":"https:\/\/www.locandacavaleri.com\/es\/wp-json\/wp\/v2\/types\/page"}],"author":[{"embeddable":true,"href":"https:\/\/www.locandacavaleri.com\/es\/wp-json\/wp\/v2\/users\/1"}],"replies":[{"embeddable":true,"href":"https:\/\/www.locandacavaleri.com\/es\/wp-json\/wp\/v2\/comments?post=1002"}],"version-history":[{"count":3,"href":"https:\/\/www.locandacavaleri.com\/es\/wp-json\/wp\/v2\/pages\/1002\/revisions"}],"predecessor-version":[{"id":1050,"href":"https:\/\/www.locandacavaleri.com\/es\/wp-json\/wp\/v2\/pages\/1002\/revisions\/1050"}],"wp:attachment":[{"href":"https:\/\/www.locandacavaleri.com\/es\/wp-json\/wp\/v2\/media?parent=1002"}],"curies":[{"name":"wp","href":"https:\/\/api.w.org\/{rel}","templated":true}]}}