{"id":1006,"date":"2026-01-07T12:03:18","date_gmt":"2026-01-07T11:03:18","guid":{"rendered":"https:\/\/www.locandacavaleri.com\/?page_id=1006"},"modified":"2026-01-07T12:03:19","modified_gmt":"2026-01-07T11:03:19","slug":"habitaciones","status":"publish","type":"page","link":"https:\/\/www.locandacavaleri.com\/es\/habitaciones\/","title":{"rendered":"Habitaciones"},"content":{"rendered":"<div class=\"wpb-content-wrapper\"><p>[vc_row css_animation=\u00bb\u00bb row_type=\u00bbrow\u00bb use_row_as_full_screen_section=\u00bbno\u00bb type=\u00bbfull_width\u00bb angled_section=\u00bbno\u00bb text_align=\u00bbleft\u00bb background_image_as_pattern=\u00bbwithout_pattern\u00bb z_index=\u00bb\u00bb][vc_column]\n\t\t\t<!-- START Camere REVOLUTION SLIDER 6.6.18 --><p class=\"rs-p-wp-fix\"><\/p>\n\t\t\t<rs-module-wrap id=\"rev_slider_2_1_wrapper\" data-source=\"gallery\" style=\"visibility:hidden;background:transparent;padding:0;margin:0px auto;margin-top:0;margin-bottom:0;\">\n\t\t\t\t<rs-module id=\"rev_slider_2_1\" style=\"\" data-version=\"6.6.18\">\n\t\t\t\t\t<rs-slides style=\"overflow: hidden; position: absolute;\">\n\t\t\t\t\t\t<rs-slide style=\"position: absolute;\" data-key=\"rs-21\" data-title=\"Slide\" data-anim=\"adpr:false;\" data-in=\"o:0;\" data-out=\"a:false;\">\n\t\t\t\t\t\t\t<img decoding=\"async\" src=\"\/\/www.locandacavaleri.com\/wp-content\/plugins\/revslider\/public\/assets\/assets\/dummy.png\" alt=\"\" title=\"ENR_3784_web\" width=\"2560\" height=\"1705\" class=\"rev-slidebg tp-rs-img rs-lazyload\" data-lazyload=\"\/\/www.locandacavaleri.com\/new\/wp-content\/uploads\/2025\/11\/ENR_3784_web.jpg\" data-no-retina>\n<!---->\t\t\t\t\t\t<\/rs-slide>\n\t\t\t\t\t<\/rs-slides>\n\t\t\t\t<\/rs-module>\n\t\t\t\t<script>\n\t\t\t\t\tsetREVStartSize({c: 'rev_slider_2_1',rl:[1240,1024,778,480],el:[650,500,350,300],gw:[1240,1024,778,480],gh:[650,500,350,300],type:'standard',justify:'',layout:'fullwidth',mh:\"0\"});if (window.RS_MODULES!==undefined && window.RS_MODULES.modules!==undefined && window.RS_MODULES.modules[\"revslider21\"]!==undefined) {window.RS_MODULES.modules[\"revslider21\"].once = false;window.revapi2 = undefined;if (window.RS_MODULES.checkMinimal!==undefined) window.RS_MODULES.checkMinimal()}\n\t\t\t\t<\/script>\n\t\t\t<\/rs-module-wrap>\n\t\t\t<!-- END REVOLUTION SLIDER -->\n[\/vc_column][\/vc_row][vc_row css_animation=\u00bb\u00bb row_type=\u00bbrow\u00bb use_row_as_full_screen_section=\u00bbno\u00bb type=\u00bbgrid\u00bb angled_section=\u00bbno\u00bb text_align=\u00bbleft\u00bb background_image_as_pattern=\u00bbwithout_pattern\u00bb padding_top=\u00bb50&#8243; padding_bottom=\u00bb50&#8243; z_index=\u00bb\u00bb][vc_column][vc_column_text]<\/p>\n<h1 style=\"text-align: center;\">Habitaciones<\/h1>\n<p>[\/vc_column_text][\/vc_column][\/vc_row][vc_row css_animation=\u00bb\u00bb row_type=\u00bbrow\u00bb use_row_as_full_screen_section=\u00bbno\u00bb type=\u00bbgrid\u00bb angled_section=\u00bbno\u00bb text_align=\u00bbleft\u00bb background_image_as_pattern=\u00bbwithout_pattern\u00bb padding_bottom=\u00bb40&#8243; z_index=\u00bb\u00bb][vc_column][vc_column_text]<\/p>\n<p style=\"text-align: center;\">\u00abLas habitaciones, decoradas con discreta elegancia y recientemente restauradas, son amplias y luminosas, y se distribuyen en las tres plantas del edificio. Con muebles de estilo y tapicer\u00edas refinadas, especialmente acogedoras gracias a las vigas vistas, los suelos de parqu\u00e9 pulido y los tapices antiguos, las habitaciones combinan a la perfecci\u00f3n el dise\u00f1o chic y contempor\u00e1neo con la tradici\u00f3n y la clasicidad.<br \/>\nComo en un hotel boutique, cada habitaci\u00f3n es diferente, lo que ofrece a cada hu\u00e9sped el placer de un lujo exclusivo e \u00edntimo. Peque\u00f1os universos en s\u00ed mismos, las habitaciones, todas de categor\u00eda superior y de lujo, llevan el nombre del color de las sedas y los brocados: amarillo ocre, rosa antiguo, rojo tiziano.<br \/>\nLos ba\u00f1os, de l\u00edneas modernas y esenciales, est\u00e1n decorados con mosaicos de m\u00e1rmol blanco y ofrecen aut\u00e9nticos oasis de relajaci\u00f3n y confort.<br \/>\nLa habitaci\u00f3n de lujo que ocupa la \u00faltima planta de la posada tiene una maravillosa terraza desde la que se disfruta de una envidiable vista sobre los tejados de Venecia.<\/p>\n<p style=\"text-align: center;\">Hay conexi\u00f3n wifi en todas las habitaciones.\u00bb<\/p>\n<p>[\/vc_column_text][\/vc_column][\/vc_row][vc_row css_animation=\u00bb\u00bb row_type=\u00bbrow\u00bb use_row_as_full_screen_section=\u00bbno\u00bb type=\u00bbgrid\u00bb angled_section=\u00bbno\u00bb text_align=\u00bbleft\u00bb background_image_as_pattern=\u00bbwithout_pattern\u00bb padding_bottom=\u00bb40&#8243; z_index=\u00bb\u00bb][vc_column][vc_gallery type=\u00bbimage_grid\u00bb images=\u00bb935,936,937,938,939,940,941,942,943,944,945,946,947,948,949,950,951,952,953,954&#8243; img_size=\u00bb500&#215;400&#8243; column_number=\u00bb5&#8243; grayscale=\u00bbno\u00bb images_space=\u00bbgallery_with_space\u00bb][\/vc_column][\/vc_row][vc_row css_animation=\u00bb\u00bb row_type=\u00bbrow\u00bb use_row_as_full_screen_section=\u00bbno\u00bb type=\u00bbfull_width\u00bb angled_section=\u00bbno\u00bb text_align=\u00bbleft\u00bb background_image_as_pattern=\u00bbwithout_pattern\u00bb z_index=\u00bb\u00bb padding_top=\u00bb40&#8243; padding_bottom=\u00bb50&#8243;][vc_column][vc_column_text]<\/p>\n<h2 style=\"text-align: center;\">Comodidad<\/h2>\n<p>[\/vc_column_text][vc_row_inner row_type=\u00bbrow\u00bb type=\u00bbfull_width\u00bb text_align=\u00bbleft\u00bb css_animation=\u00bb\u00bb][vc_column_inner width=\u00bb1\/4&#8243;][\/vc_column_inner][vc_column_inner width=\u00bb1\/4&#8243;][vc_column_text]<\/p>\n<p style=\"text-align: center;\">Desayuno incluido<\/p>\n<p style=\"text-align: center;\">Wi-Fi<\/p>\n<p style=\"text-align: center;\">Aire acondicionado<\/p>\n<p style=\"text-align: center;\">Secador de pelo<\/p>\n<p style=\"text-align: center;\">Minibar<\/p>\n<p style=\"text-align: center;\">TV v\u00eda sat\u00e9lite<\/p>\n<p>[\/vc_column_text][\/vc_column_inner][vc_column_inner width=\u00bb1\/4&#8243;][vc_column_text]<\/p>\n<p style=\"text-align: center;\">Ba\u00f1era o ducha<\/p>\n<p style=\"text-align: center;\">Jard\u00edn<\/p>\n<p style=\"text-align: center;\">Apto para ni\u00f1os<\/p>\n<p style=\"text-align: center;\">Hervidor<\/p>\n<p style=\"text-align: center;\">Cafetera de c\u00e1psulas<\/p>\n<p style=\"text-align: center;\">Consigna de equipaje bajo petici\u00f3n<\/p>\n<p>[\/vc_column_text][\/vc_column_inner][vc_column_inner width=\u00bb1\/4&#8243;][\/vc_column_inner][\/vc_row_inner][\/vc_column][\/vc_row][vc_row css_animation=\u00bb\u00bb row_type=\u00bbrow\u00bb use_row_as_full_screen_section=\u00bbno\u00bb type=\u00bbfull_width\u00bb angled_section=\u00bbno\u00bb text_align=\u00bbleft\u00bb background_image_as_pattern=\u00bbwithout_pattern\u00bb background_image=\u00bb158&#8243; padding_top=\u00bb50&#8243; padding_bottom=\u00bb50&#8243; z_index=\u00bb\u00bb][vc_column][vc_column_text]<\/p>\n<h1 style=\"text-align: center;\">Posicion<\/h1>\n<p>[\/vc_column_text][vc_empty_space height=\u00bb20px\u00bb][vc_gmaps link=\u00bb#E-8_JTNDaWZyYW1lJTIwc3JjJTNEJTIyaHR0cHMlM0ElMkYlMkZ3d3cuZ29vZ2xlLmNvbSUyRm1hcHMlMkZlbWJlZCUzRnBiJTNEJTIxMW0xOCUyMTFtMTIlMjExbTMlMjExZDc5MTguODMxMTgxNTQ0ODM3JTIxMmQxMi4zNDU1NDcxNTkzNzE4NzYlMjEzZDQ1LjQzNDk1MTYwMTk0OTkzJTIxMm0zJTIxMWYwJTIxMmYwJTIxM2YwJTIxM20yJTIxMWkxMDI0JTIxMmk3NjglMjE0ZjEzLjElMjEzbTMlMjExbTIlMjExczB4NDc3ZWFlMjYxNWI0NzQxNyUyNTNBMHg0NzM0OGZmNmJiMTAwMmExJTIxMnNMb2NhbmRhJTI1MjBDYSUyNiUyMzM5JTNCJTI1MjBWYWxlcmklMjE1ZTAlMjEzbTIlMjExc2l0JTIxMnNpdCUyMTR2MTc2NDQ5MjM3OTU3MiUyMTVtMiUyMTFzaXQlMjEyc2l0JTIyJTIwd2lkdGglM0QlMjI2MDAlMjIlMjBoZWlnaHQlM0QlMjI0NTAlMjIlMjBzdHlsZSUzRCUyMmJvcmRlciUzQTAlM0IlMjIlMjBhbGxvd2Z1bGxzY3JlZW4lM0QlMjIlMjIlMjBsb2FkaW5nJTNEJTIybGF6eSUyMiUyMHJlZmVycmVycG9saWN5JTNEJTIybm8tcmVmZXJyZXItd2hlbi1kb3duZ3JhZGUlMjIlM0UlM0MlMkZpZnJhbWUlM0U=\u00bb size=\u00bb800&#8243;][\/vc_column][\/vc_row]<\/p>\n<\/div>","protected":false},"excerpt":{"rendered":"<p>[vc_row css_animation=\u00bb\u00bb row_type=\u00bbrow\u00bb use_row_as_full_screen_section=\u00bbno\u00bb type=\u00bbfull_width\u00bb angled_section=\u00bbno\u00bb text_align=\u00bbleft\u00bb background_image_as_pattern=\u00bbwithout_pattern\u00bb z_index=\u00bb\u00bb][vc_column][\/vc_column][\/vc_row][vc_row css_animation=\u00bb\u00bb row_type=\u00bbrow\u00bb use_row_as_full_screen_section=\u00bbno\u00bb type=\u00bbgrid\u00bb angled_section=\u00bbno\u00bb text_align=\u00bbleft\u00bb background_image_as_pattern=\u00bbwithout_pattern\u00bb padding_top=\u00bb50&#8243; padding_bottom=\u00bb50&#8243; z_index=\u00bb\u00bb][vc_column][vc_column_text] Habitaciones [\/vc_column_text][\/vc_column][\/vc_row][vc_row css_animation=\u00bb\u00bb row_type=\u00bbrow\u00bb use_row_as_full_screen_section=\u00bbno\u00bb type=\u00bbgrid\u00bb angled_section=\u00bbno\u00bb text_align=\u00bbleft\u00bb background_image_as_pattern=\u00bbwithout_pattern\u00bb padding_bottom=\u00bb40&#8243; z_index=\u00bb\u00bb][vc_column][vc_column_text] \u00abLas habitaciones, decoradas con discreta elegancia y recientemente restauradas, son amplias y luminosas, y se&#8230;<\/p>\n","protected":false},"author":1,"featured_media":0,"parent":0,"menu_order":0,"comment_status":"closed","ping_status":"closed","template":"full_width.php","meta":{"footnotes":""},"class_list":["post-1006","page","type-page","status-publish","hentry"],"_links":{"self":[{"href":"https:\/\/www.locandacavaleri.com\/es\/wp-json\/wp\/v2\/pages\/1006","targetHints":{"allow":["GET"]}}],"collection":[{"href":"https:\/\/www.locandacavaleri.com\/es\/wp-json\/wp\/v2\/pages"}],"about":[{"href":"https:\/\/www.locandacavaleri.com\/es\/wp-json\/wp\/v2\/types\/page"}],"author":[{"embeddable":true,"href":"https:\/\/www.locandacavaleri.com\/es\/wp-json\/wp\/v2\/users\/1"}],"replies":[{"embeddable":true,"href":"https:\/\/www.locandacavaleri.com\/es\/wp-json\/wp\/v2\/comments?post=1006"}],"version-history":[{"count":1,"href":"https:\/\/www.locandacavaleri.com\/es\/wp-json\/wp\/v2\/pages\/1006\/revisions"}],"predecessor-version":[{"id":1007,"href":"https:\/\/www.locandacavaleri.com\/es\/wp-json\/wp\/v2\/pages\/1006\/revisions\/1007"}],"wp:attachment":[{"href":"https:\/\/www.locandacavaleri.com\/es\/wp-json\/wp\/v2\/media?parent=1006"}],"curies":[{"name":"wp","href":"https:\/\/api.w.org\/{rel}","templated":true}]}}