{"id":989,"date":"2026-01-07T11:41:11","date_gmt":"2026-01-07T10:41:11","guid":{"rendered":"https:\/\/www.locandacavaleri.com\/?page_id=989"},"modified":"2026-01-07T12:27:38","modified_gmt":"2026-01-07T11:27:38","slug":"home","status":"publish","type":"page","link":"https:\/\/www.locandacavaleri.com\/fr\/","title":{"rendered":"Home"},"content":{"rendered":"<div class=\"wpb-content-wrapper\"><p>[vc_row css_animation=\u00a0\u00bb\u00a0\u00bb row_type=\u00a0\u00bbrow\u00a0\u00bb use_row_as_full_screen_section=\u00a0\u00bbno\u00a0\u00bb type=\u00a0\u00bbfull_width\u00a0\u00bb angled_section=\u00a0\u00bbno\u00a0\u00bb text_align=\u00a0\u00bbleft\u00a0\u00bb background_image_as_pattern=\u00a0\u00bbwithout_pattern\u00a0\u00bb z_index=\u00a0\u00bb\u00a0\u00bb][vc_column]\n\t\t\t<!-- START Home REVOLUTION SLIDER 6.6.18 --><p class=\"rs-p-wp-fix\"><\/p>\n\t\t\t<rs-module-wrap id=\"rev_slider_1_1_wrapper\" data-source=\"gallery\" style=\"visibility:hidden;background:transparent;padding:0;\">\n\t\t\t\t<rs-module id=\"rev_slider_1_1\" style=\"\" data-version=\"6.6.18\">\n\t\t\t\t\t<rs-slides style=\"overflow: hidden; position: absolute;\">\n\t\t\t\t\t\t<rs-slide style=\"position: absolute;\" data-key=\"rs-11\" data-title=\"Slide\" data-thumb=\"\/\/www.locandacavaleri.com\/new\/wp-content\/uploads\/2025\/11\/ENR_3847_web.jpg\" data-anim=\"adpr:false;\" data-in=\"o:0;\" data-out=\"a:false;\">\n\t\t\t\t\t\t\t<img decoding=\"async\" src=\"\/\/www.locandacavaleri.com\/wp-content\/plugins\/revslider\/public\/assets\/assets\/dummy.png\" alt=\"\" title=\"ENR_3847_web\" width=\"2560\" height=\"1705\" class=\"rev-slidebg tp-rs-img rs-lazyload\" data-lazyload=\"\/\/www.locandacavaleri.com\/new\/wp-content\/uploads\/2025\/11\/ENR_3847_web.jpg\" data-no-retina>\n<!---->\t\t\t\t\t\t<\/rs-slide>\n\t\t\t\t\t\t<rs-slide style=\"position: absolute;\" data-key=\"rs-12\" data-title=\"Slide\" data-thumb=\"\/\/www.locandacavaleri.com\/new\/wp-content\/uploads\/2025\/11\/ENR_3812_web.jpg\" data-anim=\"adpr:false;\" data-in=\"o:0;\" data-out=\"a:false;\">\n\t\t\t\t\t\t\t<img decoding=\"async\" src=\"\/\/www.locandacavaleri.com\/wp-content\/plugins\/revslider\/public\/assets\/assets\/dummy.png\" alt=\"\" title=\"ENR_3812_web\" width=\"2560\" height=\"1705\" class=\"rev-slidebg tp-rs-img rs-lazyload\" data-lazyload=\"\/\/www.locandacavaleri.com\/new\/wp-content\/uploads\/2025\/11\/ENR_3812_web.jpg\" data-no-retina>\n<!---->\t\t\t\t\t\t<\/rs-slide>\n\t\t\t\t\t\t<rs-slide style=\"position: absolute;\" data-key=\"rs-2\" data-title=\"Slide\" data-thumb=\"\/\/www.locandacavaleri.com\/new\/wp-content\/uploads\/2025\/11\/ENR_4005_web.jpg\" data-anim=\"adpr:false;\" data-in=\"o:0;\" data-out=\"a:false;\">\n\t\t\t\t\t\t\t<img decoding=\"async\" src=\"\/\/www.locandacavaleri.com\/wp-content\/plugins\/revslider\/public\/assets\/assets\/dummy.png\" alt=\"\" title=\"ENR_4005_web\" width=\"2560\" height=\"1705\" class=\"rev-slidebg tp-rs-img rs-lazyload\" data-lazyload=\"\/\/www.locandacavaleri.com\/new\/wp-content\/uploads\/2025\/11\/ENR_4005_web.jpg\" data-no-retina>\n<!---->\t\t\t\t\t\t<\/rs-slide>\n\t\t\t\t\t\t<rs-slide style=\"position: absolute;\" data-key=\"rs-10\" data-title=\"Slide\" data-thumb=\"\/\/www.locandacavaleri.com\/new\/wp-content\/uploads\/2025\/11\/ENR_4025_web.jpg\" data-anim=\"adpr:false;\" data-in=\"o:0;\" data-out=\"a:false;\">\n\t\t\t\t\t\t\t<img decoding=\"async\" src=\"\/\/www.locandacavaleri.com\/wp-content\/plugins\/revslider\/public\/assets\/assets\/dummy.png\" alt=\"\" title=\"ENR_4025_web\" width=\"2560\" height=\"1705\" class=\"rev-slidebg tp-rs-img rs-lazyload\" data-lazyload=\"\/\/www.locandacavaleri.com\/new\/wp-content\/uploads\/2025\/11\/ENR_4025_web.jpg\" data-no-retina>\n<!---->\t\t\t\t\t\t<\/rs-slide>\n\t\t\t\t\t\t<rs-slide style=\"position: absolute;\" data-key=\"rs-4\" data-title=\"Slide\" data-thumb=\"\/\/www.locandacavaleri.com\/new\/wp-content\/uploads\/2025\/11\/Copia-di-ENR_4041_web.jpg\" data-anim=\"adpr:false;\" data-in=\"o:0;\" data-out=\"a:false;\">\n\t\t\t\t\t\t\t<img decoding=\"async\" src=\"\/\/www.locandacavaleri.com\/wp-content\/plugins\/revslider\/public\/assets\/assets\/dummy.png\" alt=\"\" title=\"Copia di ENR_4041_web\" width=\"2560\" height=\"1705\" class=\"rev-slidebg tp-rs-img rs-lazyload\" data-lazyload=\"\/\/www.locandacavaleri.com\/new\/wp-content\/uploads\/2025\/11\/Copia-di-ENR_4041_web.jpg\" data-no-retina>\n<!---->\t\t\t\t\t\t<\/rs-slide>\n\t\t\t\t\t<\/rs-slides>\n\t\t\t\t<\/rs-module>\n\t\t\t\t<script>\n\t\t\t\t\tsetREVStartSize({c: 'rev_slider_1_1',rl:[1240,1024,778,480],el:[800,500,350,300],gw:[1240,1024,778,480],gh:[800,500,350,300],type:'standard',justify:'',layout:'fullscreen',offsetContainer:'',offset:'',mh:\"0\"});if (window.RS_MODULES!==undefined && window.RS_MODULES.modules!==undefined && window.RS_MODULES.modules[\"revslider11\"]!==undefined) {window.RS_MODULES.modules[\"revslider11\"].once = false;window.revapi1 = undefined;if (window.RS_MODULES.checkMinimal!==undefined) window.RS_MODULES.checkMinimal()}\n\t\t\t\t<\/script>\n\t\t\t<\/rs-module-wrap>\n\t\t\t<!-- END REVOLUTION SLIDER -->\n[\/vc_column][\/vc_row][vc_row css_animation=\u00a0\u00bb\u00a0\u00bb row_type=\u00a0\u00bbrow\u00a0\u00bb use_row_as_full_screen_section=\u00a0\u00bbno\u00a0\u00bb type=\u00a0\u00bbfull_width\u00a0\u00bb angled_section=\u00a0\u00bbno\u00a0\u00bb text_align=\u00a0\u00bbleft\u00a0\u00bb background_image_as_pattern=\u00a0\u00bbwithout_pattern\u00a0\u00bb padding_top=\u00a0\u00bb40&Prime; z_index=\u00a0\u00bb\u00a0\u00bb][vc_column][qode_elements_holder number_of_columns=\u00a0\u00bbtwo_columns\u00a0\u00bb][qode_elements_holder_item vertical_alignment=\u00a0\u00bbmiddle\u00a0\u00bb advanced_animations=\u00a0\u00bbno\u00a0\u00bb item_padding=\u00a0\u00bb40px 60px 40px 60px\u00a0\u00bb][vc_column_text]<\/p>\n<h2>Benvenuti alla Locanda Ca&rsquo; Valeri<\/h2>\n<p>[\/vc_column_text][vc_empty_space height=\u00a0\u00bb20px\u00a0\u00bb][vc_column_text]Dans le d\u00e9dale de ruelles et de petites places de la Venise la plus authentique, \u00e0 5 minutes de la magnifique Riva degli Schiavoni, de la place Saint-Marc et du palais des Doges, Ca&rsquo; Valeri vous accueille comme une r\u00e9sidence de luxe ou un h\u00f4tel-boutique dans les espaces intimes d&rsquo;une ancienne demeure priv\u00e9e o\u00f9 le charme et le confort raffin\u00e9 d\u00e9finissent un cadre \u00e9l\u00e9gant.[\/vc_column_text][vc_empty_space height=\u00a0\u00bb20px\u00a0\u00bb]\n\n\t<a href=\"https:\/\/www.locandacavaleri.com\/fr\/chambres\" target=\"_self\" style=\"color: #ffffff;background-color: #004034;font-size: 16px;font-weight: 400;text-transform: uppercase;letter-spacing: 1px\" class=\"qode-btn qode-btn-medium qode-btn-solid qode-btn-custom-hover-bg qode-btn-custom-hover-color qode-btn-with-shadow qode-btn-shadow-hover\" data-hover-bg-color=\"#004034\" data-hover-color=\"#ffffff\" >\n\t    <span class=\"qode-btn-text\">Chambres<\/span>\t<\/a>\n\n[\/qode_elements_holder_item][qode_elements_holder_item vertical_alignment=\u00a0\u00bbmiddle\u00a0\u00bb advanced_animations=\u00a0\u00bbno\u00a0\u00bb][vc_single_image image=\u00a0\u00bb768&Prime; img_size=\u00a0\u00bb950&#215;650&Prime; qode_css_animation=\u00a0\u00bb\u00a0\u00bb][\/qode_elements_holder_item][\/qode_elements_holder][\/vc_column][\/vc_row][vc_row css_animation=\u00a0\u00bb\u00a0\u00bb row_type=\u00a0\u00bbrow\u00a0\u00bb use_row_as_full_screen_section=\u00a0\u00bbno\u00a0\u00bb type=\u00a0\u00bbfull_width\u00a0\u00bb angled_section=\u00a0\u00bbno\u00a0\u00bb text_align=\u00a0\u00bbleft\u00a0\u00bb background_image_as_pattern=\u00a0\u00bbwithout_pattern\u00a0\u00bb padding_bottom=\u00a0\u00bb40&Prime; z_index=\u00a0\u00bb\u00a0\u00bb][vc_column][qode_elements_holder number_of_columns=\u00a0\u00bbtwo_columns\u00a0\u00bb][qode_elements_holder_item vertical_alignment=\u00a0\u00bbmiddle\u00a0\u00bb advanced_animations=\u00a0\u00bbno\u00a0\u00bb][vc_single_image image=\u00a0\u00bb835&Prime; img_size=\u00a0\u00bb950&#215;650&Prime; qode_css_animation=\u00a0\u00bb\u00a0\u00bb][\/qode_elements_holder_item][qode_elements_holder_item vertical_alignment=\u00a0\u00bbmiddle\u00a0\u00bb advanced_animations=\u00a0\u00bbno\u00a0\u00bb item_padding=\u00a0\u00bb40px 60px 40px 60px\u00a0\u00bb][vc_column_text]<\/p>\n<h2>La Locanda<\/h2>\n<p>[\/vc_column_text][vc_empty_space height=\u00a0\u00bb20px\u00a0\u00bb][vc_column_text]Le b\u00e2timent qui abrite le bed &amp; breakfast Ca&rsquo; Valeri a conserv\u00e9 aujourd&rsquo;hui l&rsquo;\u00e9l\u00e9gance ancienne des palais v\u00e9nitiens, notamment gr\u00e2ce \u00e0 sa r\u00e9cente restauration qui a su non seulement pr\u00e9server son essence, mais aussi mettre en valeur son histoire, sa personnalit\u00e9 et son architecture. Ses int\u00e9rieurs, \u00e9clair\u00e9s par de pr\u00e9cieuses fen\u00eatres gothiques, se caract\u00e9risent par une atmosph\u00e8re intime et accueillante, o\u00f9, gr\u00e2ce \u00e0 l&rsquo;attention port\u00e9e aux d\u00e9tails, chaque objet est choisi avec un go\u00fbt raffin\u00e9 : les verres typiques de Murano, les miroirs \u00e9l\u00e9gants, les meubles classiques aux lignes douces qui diff\u00e9rencient chaque pi\u00e8ce comme dans un h\u00f4tel-boutique.<br \/>\nCa&rsquo; Valeri est l&rsquo;endroit id\u00e9al pour ceux qui souhaitent passer des vacances romantiques, une lune de miel, un anniversaire ou une occasion sp\u00e9ciale dans un authentique B&amp;B de luxe.<br \/>\nS\u00e9journer \u00e0 Ca&rsquo; Valeri, c&rsquo;est vraiment comme \u00eatre accueilli dans une demeure priv\u00e9e exclusive.[\/vc_column_text][vc_empty_space height=\u00a0\u00bb20px\u00a0\u00bb]\n\n\t<a href=\"https:\/\/www.locandacavaleri.com\/fr\/contacts\" target=\"_self\" style=\"color: #ffffff;background-color: #004034;font-size: 16px;font-weight: 400;text-transform: uppercase;letter-spacing: 1px\" class=\"qode-btn qode-btn-medium qode-btn-solid qode-btn-custom-hover-bg qode-btn-custom-hover-color qode-btn-with-shadow qode-btn-shadow-hover\" data-hover-bg-color=\"#004034\" data-hover-color=\"#ffffff\" >\n\t    <span class=\"qode-btn-text\">Contacts<\/span>\t<\/a>\n\n[\/qode_elements_holder_item][\/qode_elements_holder][\/vc_column][\/vc_row]<\/p>\n<\/div>","protected":false},"excerpt":{"rendered":"<p>[vc_row css_animation=\u00a0\u00bb\u00a0\u00bb row_type=\u00a0\u00bbrow\u00a0\u00bb use_row_as_full_screen_section=\u00a0\u00bbno\u00a0\u00bb type=\u00a0\u00bbfull_width\u00a0\u00bb angled_section=\u00a0\u00bbno\u00a0\u00bb text_align=\u00a0\u00bbleft\u00a0\u00bb background_image_as_pattern=\u00a0\u00bbwithout_pattern\u00a0\u00bb z_index=\u00a0\u00bb\u00a0\u00bb][vc_column][\/vc_column][\/vc_row][vc_row css_animation=\u00a0\u00bb\u00a0\u00bb row_type=\u00a0\u00bbrow\u00a0\u00bb use_row_as_full_screen_section=\u00a0\u00bbno\u00a0\u00bb type=\u00a0\u00bbfull_width\u00a0\u00bb angled_section=\u00a0\u00bbno\u00a0\u00bb text_align=\u00a0\u00bbleft\u00a0\u00bb background_image_as_pattern=\u00a0\u00bbwithout_pattern\u00a0\u00bb padding_top=\u00a0\u00bb40&Prime; z_index=\u00a0\u00bb\u00a0\u00bb][vc_column][qode_elements_holder number_of_columns=\u00a0\u00bbtwo_columns\u00a0\u00bb][qode_elements_holder_item vertical_alignment=\u00a0\u00bbmiddle\u00a0\u00bb advanced_animations=\u00a0\u00bbno\u00a0\u00bb item_padding=\u00a0\u00bb40px 60px 40px 60px\u00a0\u00bb][vc_column_text] Benvenuti alla Locanda Ca&rsquo; Valeri [\/vc_column_text][vc_empty_space height=\u00a0\u00bb20px\u00a0\u00bb][vc_column_text]Dans le d\u00e9dale de ruelles et de petites places de la Venise la plus&#8230;<\/p>\n","protected":false},"author":1,"featured_media":0,"parent":0,"menu_order":0,"comment_status":"closed","ping_status":"closed","template":"full_width.php","meta":{"footnotes":""},"class_list":["post-989","page","type-page","status-publish","hentry"],"_links":{"self":[{"href":"https:\/\/www.locandacavaleri.com\/fr\/wp-json\/wp\/v2\/pages\/989","targetHints":{"allow":["GET"]}}],"collection":[{"href":"https:\/\/www.locandacavaleri.com\/fr\/wp-json\/wp\/v2\/pages"}],"about":[{"href":"https:\/\/www.locandacavaleri.com\/fr\/wp-json\/wp\/v2\/types\/page"}],"author":[{"embeddable":true,"href":"https:\/\/www.locandacavaleri.com\/fr\/wp-json\/wp\/v2\/users\/1"}],"replies":[{"embeddable":true,"href":"https:\/\/www.locandacavaleri.com\/fr\/wp-json\/wp\/v2\/comments?post=989"}],"version-history":[{"count":3,"href":"https:\/\/www.locandacavaleri.com\/fr\/wp-json\/wp\/v2\/pages\/989\/revisions"}],"predecessor-version":[{"id":1047,"href":"https:\/\/www.locandacavaleri.com\/fr\/wp-json\/wp\/v2\/pages\/989\/revisions\/1047"}],"wp:attachment":[{"href":"https:\/\/www.locandacavaleri.com\/fr\/wp-json\/wp\/v2\/media?parent=989"}],"curies":[{"name":"wp","href":"https:\/\/api.w.org\/{rel}","templated":true}]}}